{"id":3,"date":"2023-04-19T10:00:05","date_gmt":"2023-04-19T10:00:05","guid":{"rendered":"https:\/\/barberiaseneca.com\/?page_id=3"},"modified":"2023-04-28T05:41:59","modified_gmt":"2023-04-28T05:41:59","slug":"aviso-legal","status":"publish","type":"page","link":"https:\/\/barberiaseneca.com\/?page_id=3","title":{"rendered":"Aviso legal"},"content":{"rendered":"\n<p>En cumplimiento con el deber de informaci\u00f3n recogido en el art\u00edculo 10 de la Ley 34\/2002, de 11 de Julio, de Servicios de la Sociedad de la Informaci\u00f3n y de Comercio Electr\u00f3nico (LSSICE), le informamos que el sitio web y el portal de Internet&nbsp;<a href=\"http:\/\/www.arrelspsicologia.com\/\">https:\/\/barberiaseneca.com<\/a>&nbsp;(en adelante la \u00abweb\u00bb) es titularidad de Ana Isabel Gonz\u00e1lez, con domicilio social en la pla\u00e7a de Josep Rovira, 16, 08018 Barcelona. El presente aviso legal regula las condiciones de uso del citado portal de Internet.<\/p>\n\n\n\n<p><strong>Ley aplicable y jurisdicci\u00f3n<\/strong><\/p>\n\n\n\n<p>Con car\u00e1cter general las relaciones entre&nbsp;BARBERIASENECA.COM y los usuarios de sus servicios telem\u00e1ticos, presentes en la web, se encuentran sometidas a la legislaci\u00f3n y jurisdicci\u00f3n espa\u00f1olas.<\/p>\n\n\n\n<p>Las partes renuncian expresamente al fuero que les pudiera corresponder y someten expresamente a los Juzgados y Tribunales de Barcelona para resolver cualquier controversia que pueda surgir en la interpretaci\u00f3n o ejecuci\u00f3n de las presentes condiciones contractuales.<\/p>\n\n\n\n<p><strong>Aceptaci\u00f3n del usuario<\/strong><\/p>\n\n\n\n<p>Este Aviso Legal regula el acceso y utilizaci\u00f3n de la p\u00e1gina web que barberiaseneca.com&nbsp;pone a la disposici\u00f3n de los usuarios de Internet. Se considera usuario a la persona que accede, navegue, utilice o participe en los servicios y actividades de la p\u00e1gina web.<\/p>\n\n\n\n<p>El usuario queda informado, y acepta, que el acceso a la presente web no supone, en modo alguno, el inicio de una relaci\u00f3n comercial con BARBERIASENECA.COM.<\/p>\n\n\n\n<p>El acceso y navegaci\u00f3n en el sitio web por parte del usuario supone la aceptaci\u00f3n de la totalidad de las presentes Condiciones de Uso. En caso de desacuerdo con las condiciones debe abstenerse de usar el sitio web.<\/p>\n\n\n\n<p><strong>Acceso a la web<\/strong><\/p>\n\n\n\n<p>El acceso a la p\u00e1gina web por parte del usuario es de car\u00e1cter libre y gratuito. Algunos servicios pueden encontrarse sujetos a contrataci\u00f3n previa.<\/p>\n\n\n\n<p>En caso de ser necesario que el usuario aporte datos personales para acceder a alguno de los servicios, la recogida y el tratamiento de los datos se realizar\u00e1 de conformidad con la normativa vigente, en concreto con el Reglamento General de Protecci\u00f3n de Datos (RGPD). Para m\u00e1s informaci\u00f3n, consulte nuestra&nbsp;<a href=\"https:\/\/landamaps.com\/es\/politica-de-privacidad\/\" target=\"_blank\" rel=\"noreferrer noopener\">Pol\u00edtica de Privacidad<\/a>.<\/p>\n\n\n\n<p><strong>Contenido y uso<\/strong><\/p>\n\n\n\n<p>La visita al sitio web por parte del usuario deber\u00e1 hacerse de forma responsable y de conformidad a la legalidad vigente, la buena fe, el presente Aviso Legal y respetando los derechos de propiedad intelectual e industrial de titularidad de BARBERIASENECA.COM o cualquier otras personas f\u00edsicas o jur\u00eddicas.<\/p>\n\n\n\n<p>El uso de cualquiera de los contenidos del sitio web con finalidades que sean o pudieran ser il\u00edcitas queda totalmente prohibido, as\u00ed como la realizaci\u00f3n de cualquier acci\u00f3n que cause o pueda causar da\u00f1os o alteraciones de cualquier tipo no consentidas por BARBERIASENECA.COM, al sitio web o a sus contenidos.<\/p>\n\n\n\n<p>El titular del web no se identifica con las opiniones vertidas en el mismo por sus colaboradores. La empresa se reserva el derecho a efectuar sin previo aviso las modificaciones que considere oportunas en su web, pudiendo cambiar, suprimir o a\u00f1adir tanto los contenidos y servicios que se presten a trav\u00e9s de la misma como la forma en la que \u00e9stos aparezcan presentados o localizados en sus servidores.<\/p>\n\n\n\n<p><strong>Propiedad intelectual e industrial<\/strong><\/p>\n\n\n\n<p>Los derechos de propiedad intelectual del contenido de las p\u00e1ginas web, su dise\u00f1o gr\u00e1fico y c\u00f3digos son titularidad de BARBERIASENECA.COM y, por tanto, queda prohibida su reproducci\u00f3n, distribuci\u00f3n, comunicaci\u00f3n p\u00fablica, transformaci\u00f3n o cualquier otra actividad que se realice con los contenidos de la p\u00e1gina web, ni siquiera aunque se citen las fuentes, salvo que se cuente con el consentimiento previo, expreso y por escrito de BARBERIASENECA.COM. Todos los nombres comerciales, marcas o signos distintivos de cualquier clase contenidos en las p\u00e1ginas web de la empresa son propiedad de sus due\u00f1os y est\u00e1n protegidos por ley.<\/p>\n\n\n\n<p>BARBERIASENECA.COM no concede ninguna licencia o autorizaci\u00f3n de uso de ninguna clase sobre sus derechos de propiedad intelectual e industrial o sobre cualquier otra propiedad o derecho relacionado con el sitio web y en ning\u00fan caso se entender\u00e1 que el acceso y navegaci\u00f3n de los usuarios implica una renuncia, transmisi\u00f3n, licencia o cesi\u00f3n total ni parcial de dichos derechos por parte de BARBERIASENECA.COM.<\/p>\n\n\n\n<p>Cualquier uso de esos contenidos no autorizado previamente por parte de BARBERIASENECA.COM ser\u00e1 considerado un incumplimiento grave de los derechos de propiedad intelectual o industrial y dar\u00e1 lugar a las responsabilidades legalmente establecidas. BARBERIASENECA.COM se reserva el derecho de ejercitar frente al usuario las acciones judiciales y extrajudiciales que correspondan.<\/p>\n\n\n\n<p><strong>Responsabilidad y garant\u00edas<\/strong><\/p>\n\n\n\n<p>BARBERIASENECA.COM declara que ha adoptado las medidas necesarias que, dentro de sus posibilidades y el estado de la tecnolog\u00eda, permitan el correcto funcionamiento de su sitio web as\u00ed como la ausencia de virus y componentes da\u00f1inos. Sin embargo, BARBERIASENECA.COM no puede hacerse responsable de las siguientes situaciones que se enumeran a t\u00edtulo enunciativo, pero no limitativo:<\/p>\n\n\n\n<ul class=\"wp-block-list\">\n<li>La continuidad y disponibilidad de los contenidos.<\/li>\n\n\n\n<li>La ausencia de errores en dichos contenidos ni la correcci\u00f3n de cualquier defecto que pudiera ocurrir.<\/li>\n\n\n\n<li>La ausencia de virus y\/o dem\u00e1s componentes da\u00f1inos.<\/li>\n\n\n\n<li>Los da\u00f1os o perjuicios que cause cualquier persona que vulnere los sistemas de seguridad de BARBERIASENECA.COM.<\/li>\n\n\n\n<li>El uso que los usuarios puedan hacer de los contenidos incluidos en la web. En consecuencia, BARBERIASENECA.COM no garantiza que el uso que los usuarios puedan hacer de los contenidos que en su caso se incluyan en el sitio web se ajusten al presente Aviso Legal ni que el uso del sitio web se realice de forma diligente.<\/li>\n\n\n\n<li>El uso por menores de edad del sitio web o del env\u00edo de sus datos personales sin el permiso de sus tutores, siendo los tutores responsables del uso que hagan de Internet.<\/li>\n\n\n\n<li>Los contenidos a los que el usuario pueda acceder a trav\u00e9s de enlaces no autorizados o introducidos por usuarios mediante comentarios o herramientas similares.<\/li>\n\n\n\n<li>La introducci\u00f3n de datos err\u00f3neos por parte del usuario o de un tercero.<\/li>\n<\/ul>\n\n\n\n<p>BARBERIASENECA.COM podr\u00e1 suspender temporalmente y sin previo aviso, la accesibilidad al sitio web con motivo de operaciones de mantenimiento, reparaci\u00f3n, actualizaci\u00f3n o mejora. No obstante, siempre que las circunstancias lo permitan, BARBERIASENECA.COM comunicar\u00e1 al usuario, con antelaci\u00f3n suficiente, la fecha prevista para la suspensi\u00f3n de los contenidos.<\/p>\n\n\n\n<p>Asimismo, de conformidad con los art\u00edculos 11 y 16 de la Ley 34\/2002, de 11 de julio, de Servicios de la Sociedad de la Informaci\u00f3n y de Comercio Electr\u00f3nico (LSSICE), BARBERIASENECA.COM se compromete a la eliminaci\u00f3n o, en su caso, bloqueo de los contenidos que pudieran afectar o ser contrarios a la legislaci\u00f3n vigente, los derechos de terceros o la moral y orden p\u00fablico.<\/p>\n\n\n\n<p><strong>Cookies<\/strong><\/p>\n\n\n\n<p>BARBERIASENECA.COM utiliza cookies a los efectos de optimizar y personalizar su navegaci\u00f3n por el sitio web. Las cookies son ficheros f\u00edsicos de informaci\u00f3n que se alojan en el propio terminal del usuario. La informaci\u00f3n recogida mediante las cookies sirve para facilitar la navegaci\u00f3n del usuario por el portal y optimizar la experiencia de navegaci\u00f3n. Los datos recopilados mediante las cookies pueden ser compartidos con los creadores de las mismas. Pero en ning\u00fan caso la informaci\u00f3n obtenida por las mismas ser\u00e1 asociada a datos personales ni a datos que puedan identificar al usuario.<\/p>\n\n\n\n<p>Sin embargo, si el usuario no desea que se instalen cookies en su disco duro, tiene la posibilidad de configurar el navegador de tal modo que impida la instalaci\u00f3n de estos archivos. Para obtener m\u00e1s informaci\u00f3n consulte nuestra&nbsp;<a href=\"https:\/\/landamaps.com\/es\/politica-de-cookies\/\" target=\"_blank\" rel=\"noreferrer noopener\">Pol\u00edtica de Cookies<\/a>.<\/p>\n\n\n\n<p><strong>Enlaces (links)<\/strong><\/p>\n\n\n\n<p>La presencia de enlaces (links) en la p\u00e1gina web de BARBERIASENECA.COM hacia otros sitios de Internet tiene una finalidad meramente informativa y en ning\u00fan caso suponen sugerencia, invitaci\u00f3n o recomendaci\u00f3n sobre los mismos. BARBERIASENECA.COM no asumir\u00e1 responsabilidad por los contenidos de un enlace perteneciente a un sitio web ajeno, ni garantizar\u00e1 la fiabilidad, exactitud, amplitud, veracidad, validez ni disponibilidad t\u00e9cnica.<\/p>\n\n\n\n<p>En el caso de que en otros sitios web se establezcan enlaces a la p\u00e0gina web de BARBERIASENECA.COM, no se entender\u00e1 que BARBERIASENECA.COM ha autorizado el enlace o el contenido del sitio web en el que se encuentre el enlace; tampoco se podr\u00e1 incluir en la p\u00e0gina del enlace contenidos inapropiados, difamatorios, ilegales, obscenos o il\u00edcitos, ni otros contenidos que sean contrarios a la legalidad vigente.<\/p>\n\n\n\n<p>BARBERIASENECA.COM se reserva la posibilidad de contactar con el propietario del sitio web en el que se encuentre el enlace si considera que se incumple la normativa, as\u00ed como ejercer las correspondientes acciones judiciales y extrajudiciales.<\/p>\n\n\n\n<p><strong>Modificaci\u00f3n de las condiciones<\/strong><\/p>\n\n\n\n<p>BARBERIASENECA.COM se reserva expresamente el derecho a modificar unilateralmente, total o parcialmente, sin necesidad de previo aviso, el presente Aviso Legal. El usuario reconoce y acepta que es su responsabilidad revisar peri\u00f3dicamente el presente Aviso Legal.<\/p>\n","protected":false},"excerpt":{"rendered":"<p>En cumplimiento con el deber de informaci\u00f3n recogido en el art\u00edculo 10 de la Ley 34\/2002, de 11 de Julio, de Servicios de la Sociedad de la Informaci\u00f3n y de Comercio Electr\u00f3nico (LSSICE), le informamos que el sitio web y el portal de Internet&nbsp;https:\/\/barberiaseneca.com&nbsp;(en adelante la \u00abweb\u00bb) es titularidad de Ana Isabel Gonz\u00e1lez, con domicilio &hellip;<\/p>\n<p class=\"read-more\"> <a class=\"\" href=\"https:\/\/barberiaseneca.com\/?page_id=3\"> <span class=\"screen-reader-text\">Aviso legal<\/span> Leer m\u00e1s &raquo;<\/a><\/p>\n","protected":false},"author":1,"featured_media":0,"parent":0,"menu_order":0,"comment_status":"closed","ping_status":"closed","template":"","meta":{"_uag_custom_page_level_css":"","site-sidebar-layout":"default","site-content-layout":"default","ast-global-header-display":"","ast-main-header-display":"","ast-hfb-above-header-display":"","ast-hfb-below-header-display":"","ast-hfb-mobile-header-display":"","site-post-title":"","ast-breadcrumbs-content":"","ast-featured-img":"","footer-sml-layout":"","theme-transparent-header-meta":"","adv-header-id-meta":"","stick-header-meta":"","header-above-stick-meta":"","header-main-stick-meta":"","header-below-stick-meta":"","footnotes":""},"class_list":["post-3","page","type-page","status-publish","hentry"],"yoast_head":"<!-- This site is optimized with the Yoast SEO plugin v20.6 - https:\/\/yoast.com\/wordpress\/plugins\/seo\/ -->\n<title>Aviso legal - Barberia S\u00e8neca<\/title>\n<meta name=\"robots\" content=\"noindex, nofollow\" \/>\n<meta property=\"og:locale\" content=\"es_ES\" \/>\n<meta property=\"og:type\" content=\"article\" \/>\n<meta property=\"og:title\" content=\"Aviso legal - Barberia S\u00e8neca\" \/>\n<meta property=\"og:description\" content=\"En cumplimiento con el deber de informaci\u00f3n recogido en el art\u00edculo 10 de la Ley 34\/2002, de 11 de Julio, de Servicios de la Sociedad de la Informaci\u00f3n y de Comercio Electr\u00f3nico (LSSICE), le informamos que el sitio web y el portal de Internet&nbsp;https:\/\/barberiaseneca.com&nbsp;(en adelante la \u00abweb\u00bb) es titularidad de Ana Isabel Gonz\u00e1lez, con domicilio &hellip; Aviso legal Leer m\u00e1s &raquo;\" \/>\n<meta property=\"og:url\" content=\"https:\/\/barberiaseneca.com\/?page_id=3\" \/>\n<meta property=\"og:site_name\" content=\"Barberia S\u00e8neca\" \/>\n<meta property=\"article:modified_time\" content=\"2023-04-28T05:41:59+00:00\" \/>\n<meta name=\"twitter:card\" content=\"summary_large_image\" \/>\n<meta name=\"twitter:label1\" content=\"Tiempo de lectura\" \/>\n\t<meta name=\"twitter:data1\" content=\"7 minutos\" \/>\n<script type=\"application\/ld+json\" class=\"yoast-schema-graph\">{\"@context\":\"https:\/\/schema.org\",\"@graph\":[{\"@type\":\"WebPage\",\"@id\":\"https:\/\/barberiaseneca.com\/?page_id=3\",\"url\":\"https:\/\/barberiaseneca.com\/?page_id=3\",\"name\":\"Aviso legal - Barberia S\u00e8neca\",\"isPartOf\":{\"@id\":\"https:\/\/barberiaseneca.com\/#website\"},\"datePublished\":\"2023-04-19T10:00:05+00:00\",\"dateModified\":\"2023-04-28T05:41:59+00:00\",\"breadcrumb\":{\"@id\":\"https:\/\/barberiaseneca.com\/?page_id=3#breadcrumb\"},\"inLanguage\":\"es\",\"potentialAction\":[{\"@type\":\"ReadAction\",\"target\":[\"https:\/\/barberiaseneca.com\/?page_id=3\"]}]},{\"@type\":\"BreadcrumbList\",\"@id\":\"https:\/\/barberiaseneca.com\/?page_id=3#breadcrumb\",\"itemListElement\":[{\"@type\":\"ListItem\",\"position\":1,\"name\":\"Portada\",\"item\":\"https:\/\/barberiaseneca.com\/\"},{\"@type\":\"ListItem\",\"position\":2,\"name\":\"Aviso legal\"}]},{\"@type\":\"WebSite\",\"@id\":\"https:\/\/barberiaseneca.com\/#website\",\"url\":\"https:\/\/barberiaseneca.com\/\",\"name\":\"Barberia S\u00e8neca\",\"description\":\"\",\"publisher\":{\"@id\":\"https:\/\/barberiaseneca.com\/#organization\"},\"potentialAction\":[{\"@type\":\"SearchAction\",\"target\":{\"@type\":\"EntryPoint\",\"urlTemplate\":\"https:\/\/barberiaseneca.com\/?s={search_term_string}\"},\"query-input\":\"required name=search_term_string\"}],\"inLanguage\":\"es\"},{\"@type\":\"Organization\",\"@id\":\"https:\/\/barberiaseneca.com\/#organization\",\"name\":\"Barberia S\u00e8neca\",\"url\":\"https:\/\/barberiaseneca.com\/\",\"logo\":{\"@type\":\"ImageObject\",\"inLanguage\":\"es\",\"@id\":\"https:\/\/barberiaseneca.com\/#\/schema\/logo\/image\/\",\"url\":\"https:\/\/barberiaseneca.com\/wp-content\/uploads\/2023\/04\/cropped-LOGO-BARBERIA-SENECA.png\",\"contentUrl\":\"https:\/\/barberiaseneca.com\/wp-content\/uploads\/2023\/04\/cropped-LOGO-BARBERIA-SENECA.png\",\"width\":250,\"height\":93,\"caption\":\"Barberia S\u00e8neca\"},\"image\":{\"@id\":\"https:\/\/barberiaseneca.com\/#\/schema\/logo\/image\/\"}}]}<\/script>\n<!-- \/ Yoast SEO plugin. -->","yoast_head_json":{"title":"Aviso legal - Barberia S\u00e8neca","robots":{"index":"noindex","follow":"nofollow"},"og_locale":"es_ES","og_type":"article","og_title":"Aviso legal - Barberia S\u00e8neca","og_description":"En cumplimiento con el deber de informaci\u00f3n recogido en el art\u00edculo 10 de la Ley 34\/2002, de 11 de Julio, de Servicios de la Sociedad de la Informaci\u00f3n y de Comercio Electr\u00f3nico (LSSICE), le informamos que el sitio web y el portal de Internet&nbsp;https:\/\/barberiaseneca.com&nbsp;(en adelante la \u00abweb\u00bb) es titularidad de Ana Isabel Gonz\u00e1lez, con domicilio &hellip; Aviso legal Leer m\u00e1s &raquo;","og_url":"https:\/\/barberiaseneca.com\/?page_id=3","og_site_name":"Barberia S\u00e8neca","article_modified_time":"2023-04-28T05:41:59+00:00","twitter_card":"summary_large_image","twitter_misc":{"Tiempo de lectura":"7 minutos"},"schema":{"@context":"https:\/\/schema.org","@graph":[{"@type":"WebPage","@id":"https:\/\/barberiaseneca.com\/?page_id=3","url":"https:\/\/barberiaseneca.com\/?page_id=3","name":"Aviso legal - Barberia S\u00e8neca","isPartOf":{"@id":"https:\/\/barberiaseneca.com\/#website"},"datePublished":"2023-04-19T10:00:05+00:00","dateModified":"2023-04-28T05:41:59+00:00","breadcrumb":{"@id":"https:\/\/barberiaseneca.com\/?page_id=3#breadcrumb"},"inLanguage":"es","potentialAction":[{"@type":"ReadAction","target":["https:\/\/barberiaseneca.com\/?page_id=3"]}]},{"@type":"BreadcrumbList","@id":"https:\/\/barberiaseneca.com\/?page_id=3#breadcrumb","itemListElement":[{"@type":"ListItem","position":1,"name":"Portada","item":"https:\/\/barberiaseneca.com\/"},{"@type":"ListItem","position":2,"name":"Aviso legal"}]},{"@type":"WebSite","@id":"https:\/\/barberiaseneca.com\/#website","url":"https:\/\/barberiaseneca.com\/","name":"Barberia S\u00e8neca","description":"","publisher":{"@id":"https:\/\/barberiaseneca.com\/#organization"},"potentialAction":[{"@type":"SearchAction","target":{"@type":"EntryPoint","urlTemplate":"https:\/\/barberiaseneca.com\/?s={search_term_string}"},"query-input":"required name=search_term_string"}],"inLanguage":"es"},{"@type":"Organization","@id":"https:\/\/barberiaseneca.com\/#organization","name":"Barberia S\u00e8neca","url":"https:\/\/barberiaseneca.com\/","logo":{"@type":"ImageObject","inLanguage":"es","@id":"https:\/\/barberiaseneca.com\/#\/schema\/logo\/image\/","url":"https:\/\/barberiaseneca.com\/wp-content\/uploads\/2023\/04\/cropped-LOGO-BARBERIA-SENECA.png","contentUrl":"https:\/\/barberiaseneca.com\/wp-content\/uploads\/2023\/04\/cropped-LOGO-BARBERIA-SENECA.png","width":250,"height":93,"caption":"Barberia S\u00e8neca"},"image":{"@id":"https:\/\/barberiaseneca.com\/#\/schema\/logo\/image\/"}}]}},"uagb_featured_image_src":{"full":false,"thumbnail":false,"medium":false,"medium_large":false,"large":false,"1536x1536":false,"2048x2048":false},"uagb_author_info":{"display_name":"admin","author_link":"https:\/\/barberiaseneca.com\/?author=1"},"uagb_comment_info":0,"uagb_excerpt":"En cumplimiento con el deber de informaci\u00f3n recogido en el art\u00edculo 10 de la Ley 34\/2002, de 11 de Julio, de Servicios de la Sociedad de la Informaci\u00f3n y de Comercio Electr\u00f3nico (LSSICE), le informamos que el sitio web y el portal de Internet&nbsp;https:\/\/barberiaseneca.com&nbsp;(en adelante la \u00abweb\u00bb) es titularidad de Ana Isabel Gonz\u00e1lez, con domicilio&hellip;","_links":{"self":[{"href":"https:\/\/barberiaseneca.com\/index.php?rest_route=\/wp\/v2\/pages\/3","targetHints":{"allow":["GET"]}}],"collection":[{"href":"https:\/\/barberiaseneca.com\/index.php?rest_route=\/wp\/v2\/pages"}],"about":[{"href":"https:\/\/barberiaseneca.com\/index.php?rest_route=\/wp\/v2\/types\/page"}],"author":[{"embeddable":true,"href":"https:\/\/barberiaseneca.com\/index.php?rest_route=\/wp\/v2\/users\/1"}],"replies":[{"embeddable":true,"href":"https:\/\/barberiaseneca.com\/index.php?rest_route=%2Fwp%2Fv2%2Fcomments&post=3"}],"version-history":[{"count":1,"href":"https:\/\/barberiaseneca.com\/index.php?rest_route=\/wp\/v2\/pages\/3\/revisions"}],"predecessor-version":[{"id":67,"href":"https:\/\/barberiaseneca.com\/index.php?rest_route=\/wp\/v2\/pages\/3\/revisions\/67"}],"wp:attachment":[{"href":"https:\/\/barberiaseneca.com\/index.php?rest_route=%2Fwp%2Fv2%2Fmedia&parent=3"}],"curies":[{"name":"wp","href":"https:\/\/api.w.org\/{rel}","templated":true}]}}