{"id":68,"date":"2023-04-26T12:41:44","date_gmt":"2023-04-26T12:41:44","guid":{"rendered":"https:\/\/barberiaseneca.com\/?page_id=68"},"modified":"2023-04-28T05:42:19","modified_gmt":"2023-04-28T05:42:19","slug":"politica-de-cookies","status":"publish","type":"page","link":"https:\/\/barberiaseneca.com\/?page_id=68","title":{"rendered":"Pol\u00edtica de cookies"},"content":{"rendered":"\n<p>En cumplimiento con el deber de informaci\u00f3n recogido en el apartado 2 del art\u00edculo 22 de la Ley 34\/2002, de 11 de Julio, de Servicios de la Sociedad de la Informaci\u00f3n y de Comercio Electr\u00f3nico (LSSICE), la presente Pol\u00edtica de Cookies tiene por finalidad informarle de manera clara y precisa sobre las cookies que se utilizan en la p\u00e1gina web de BARBERIASENECA.COM.<\/p>\n\n\n\n<p><strong>\u00bfQu\u00e9 son las cookies?<\/strong><\/p>\n\n\n\n<p>Una cookie es un fichero de peque\u00f1o tama\u00f1o que los sitios web env\u00edan al navegador y se descargan en su ordenador. Las cookies permiten que la p\u00e1gina web almacene y recupere la informaci\u00f3n sobre su visita, como su idioma preferido y otras opciones, con el fin de mejorar los servicios que se ofrecen y contribuir a tener una mejor experiencia de navegaci\u00f3n para el usuario.<\/p>\n\n\n\n<p><strong>Autorizaci\u00f3n para el uso de cookies<\/strong><\/p>\n\n\n\n<p>De conformidad con el aviso de cookies que aparece en el sitio web, el usuario acepta que, al navegar por el mismo, consiente expresamente el uso de cookies seg\u00fan la descripci\u00f3n que a continuaci\u00f3n se detalla, sin perjuicio que el usuario pueda modificar la configuraci\u00f3n de su navegador para rechazar el uso de las cookies.<\/p>\n\n\n\n<p><strong>Tipos de cookies<\/strong><\/p>\n\n\n\n<p>En funci\u00f3n de qui\u00e9n gestione el dominio desde donde se env\u00edan las cookies y se traten los datos, se distinguir\u00e1 entre cookies propias y cookies de terceros.<\/p>\n\n\n\n<p>Las cookies tambi\u00e9n pueden clasificarse seg\u00fan el plazo de tiempo que permanezcan almacenadas en el navegador del usuario, distingui\u00e9ndose entre cookies de sesi\u00f3n o cookies persistentes.<\/p>\n\n\n\n<p>Finalmente, en funci\u00f3n de la finalidad para la que se trate la informaci\u00f3n recopilada, las cookies se pueden clasificar en las siguientes categor\u00edas:<\/p>\n\n\n\n<ul class=\"wp-block-list\">\n<li>Cookies t\u00e9cnicas: permiten al usuario navegar por un sitio web y utilizar algunos de los servicios ofrecidos por el mismo (por ejemplo, las que sirven para recordar los elementos integrantes de un carrito de compra).<\/li>\n\n\n\n<li>Cookies de personalizaci\u00f3n: permiten que el usuario acceda al sitio web con unas caracter\u00edsticas determinadas, como puede ser el idioma.<\/li>\n\n\n\n<li>Cookies de seguridad: sirven para impedir o dificultar los ataques contra el sitio web.<\/li>\n\n\n\n<li>Cookies de complemento para intercambiar contenidos sociales: los llamados plug-in, que permiten compartir contenidos en redes sociales.<\/li>\n\n\n\n<li>Cookies de an\u00e1lisis: permiten al responsable el seguimiento del comportamiento del usuario.<\/li>\n\n\n\n<li>Cookies publicitarias: permiten gestionar los espacios de publicidad del sitio web.<\/li>\n\n\n\n<li>Cookies de publicidad comportamental: como las anteriores, sirven para gestionar los espacios de publicidad del sitio web en funci\u00f3n de la informaci\u00f3n recogida sobre el comportamiento del usuario y sus h\u00e1bitos, adaptando la publicidad al perfil del usuario.<\/li>\n\n\n\n<li>Cookies de geolocalizaci\u00f3n: utilizadas para conocer el pa\u00eds d\u00f3nde se encuentra el usuario.<\/li>\n<\/ul>\n\n\n\n<p><strong>C\u00f3mo modificar la configuraci\u00f3n de las cookies<\/strong><\/p>\n\n\n\n<p>Usted puede restringir, bloquear o borrar las cookies de BARBERIASENECA.COM o cualquier otra p\u00e1gina web utilizando su navegador. En cada navegador la operativa es diferente, puede encontrar c\u00f3mo hacerlo en el men\u00fa de ayuda de su navegador d\u00f3nde se establece el procedimiento para su eliminaci\u00f3n. Para m\u00e1s informaci\u00f3n:<\/p>\n\n\n\n<ul class=\"wp-block-list\">\n<li>Google Chrome:&nbsp;<a href=\"https:\/\/support.google.com\/chrome\/answer\/95647?co=GENIE.Platform%3DDesktop&amp;hl=es\">https:\/\/support.google.com\/chrome\/answer\/95647?co=GENIE.Platform%3DDesktop&amp;hl=es<\/a><\/li>\n\n\n\n<li>Mozilla Firefox:&nbsp;<a href=\"https:\/\/support.mozilla.org\/es\/kb\/habilitar-y-deshabilitar-cookies-sitios-web-rastrear-preferencias\">https:\/\/support.mozilla.org\/es\/kb\/habilitar-y-deshabilitar-cookies-sitios-web-rastrear-preferencias<\/a><\/li>\n\n\n\n<li>Safari:&nbsp;<a href=\"https:\/\/support.apple.com\/es-es\/guide\/safari\/sfri11471\/mac\">https:\/\/support.apple.com\/es-es\/guide\/safari\/sfri11471\/mac<\/a><\/li>\n\n\n\n<li>Internet Explorer:&nbsp;<a href=\"https:\/\/support.microsoft.com\/es-es\/help\/278835\/how-to-delete-cookie-files-in-internet-explorer\">https:\/\/support.microsoft.com\/es-es\/help\/278835\/how-to-delete-cookie-files-in-internet-explorer<\/a><\/li>\n\n\n\n<li>Microsoft Edge:&nbsp;<a href=\"https:\/\/support.microsoft.com\/es-es\/microsoft-edge\/permitir-temporalmente-las-cookies-y-los-datos-del-sitio-en-microsoft-edge-597f04f2-c0ce-f08c-7c2b-541086362bd2\">Permitir temporalmente las cookies y los datos del sitio en Microsoft Edge &#8211; Soporte t\u00e9cnico de Microsoft<\/a><\/li>\n<\/ul>\n\n\n\n<p>Es posible que al deshabilitar las cookies la p\u00e1gina web no funcione correctamente o no pueda acceder a determinadas funciones de la misma.<\/p>\n\n\n\n<p><strong>Cookies utilizadas en la web<\/strong><\/p>\n\n\n\n<p>En el portal web se utilizan diferentes tipos de cookies con distintas finalidades. A continuaci\u00f3n, se enumeran las cookies empleadas:<\/p>\n\n\n\n<ul class=\"wp-block-list\">\n<li>Cookies t\u00e9cnicas.<\/li>\n\n\n\n<li>Cookies de personalizaci\u00f3n.<\/li>\n\n\n\n<li>Cookies de seguridad.<\/li>\n<\/ul>\n\n\n\n<p><strong>Modificaci\u00f3n de las condiciones<\/strong><\/p>\n\n\n\n<p>BARBERIASENECA.COM se reserva expresamente el derecho a modificar unilateralmente, total o parcialmente, sin necesidad de previo aviso, la presente Pol\u00edtica de Cookies. El usuario reconoce y acepta que es su responsabilidad revisar la presente Pol\u00edtica de Cookies.<\/p>\n\n\n\n<p>Esta p\u00e1gina web usa cookies. Las cookies de este sitio web se usan para personalizar el contenido y los anuncios, ofrecer funciones de redes sociales y analizar el tr\u00e1fico. Adem\u00e1s compartimos informaci\u00f3n sobre el uso que haga del sitio web con nuestros socios de redes sociales, publicidad y an\u00e1lisis web, quienes pueden combinarla con otra informaci\u00f3n que les haya proporcionado o que hayan recopilado a partir del uso que haya hecho de sus servicios.<\/p>\n\n\n\n<p>Las cookies son peque\u00f1os archivos de texto que las p\u00e1ginas web pueden utilizar para hacer m\u00e1s eficiente la experiencia del usuario.<br><br>La ley afirma que podemos almacenar cookies en su dispositivo si son estrictamente necesarias para el funcionamiento de esta p\u00e1gina. Para todos los dem\u00e1s tipos de cookies necesitamos su permiso.<br><br>Esta p\u00e1gina utiliza tipos diferentes de cookies. Algunas cookies son colocadas por servicios de terceros que aparecen en nuestras p\u00e1ginas.<br><br>En cualquier momento puede cambiar o retirar su consentimiento desde la Declaraci\u00f3n de Cookies en nuestro sitio web.<br><br>Obtenga m\u00e1s informaci\u00f3n sobre qui\u00e9nes somos, c\u00f3mo puede contactarnos y c\u00f3mo procesamos los datos personales en nuestra Pol\u00edtica de Privacidad.<br><br>Al contactarnos respecto a su consentimiento, por favor, indique el ID y la fecha de su consentimiento.<\/p>\n\n\n\n<p>Su consentimiento se aplica al siguiente dominio:&nbsp;<strong>Barberiaseneca.com.com<\/strong><\/p>\n","protected":false},"excerpt":{"rendered":"<p>En cumplimiento con el deber de informaci\u00f3n recogido en el apartado 2 del art\u00edculo 22 de la Ley 34\/2002, de 11 de Julio, de Servicios de la Sociedad de la Informaci\u00f3n y de Comercio Electr\u00f3nico (LSSICE), la presente Pol\u00edtica de Cookies tiene por finalidad informarle de manera clara y precisa sobre las cookies que se &hellip;<\/p>\n<p class=\"read-more\"> <a class=\"\" href=\"https:\/\/barberiaseneca.com\/?page_id=68\"> <span class=\"screen-reader-text\">Pol\u00edtica de cookies<\/span> Leer m\u00e1s &raquo;<\/a><\/p>\n","protected":false},"author":1,"featured_media":0,"parent":0,"menu_order":0,"comment_status":"closed","ping_status":"closed","template":"","meta":{"_uag_custom_page_level_css":"","site-sidebar-layout":"default","site-content-layout":"default","ast-global-header-display":"","ast-main-header-display":"","ast-hfb-above-header-display":"","ast-hfb-below-header-display":"","ast-hfb-mobile-header-display":"","site-post-title":"","ast-breadcrumbs-content":"","ast-featured-img":"","footer-sml-layout":"","theme-transparent-header-meta":"","adv-header-id-meta":"","stick-header-meta":"","header-above-stick-meta":"","header-main-stick-meta":"","header-below-stick-meta":"","footnotes":""},"class_list":["post-68","page","type-page","status-publish","hentry"],"yoast_head":"<!-- This site is optimized with the Yoast SEO plugin v20.6 - https:\/\/yoast.com\/wordpress\/plugins\/seo\/ -->\n<title>Pol\u00edtica de cookies - Barberia S\u00e8neca<\/title>\n<meta name=\"robots\" content=\"noindex, nofollow\" \/>\n<meta property=\"og:locale\" content=\"es_ES\" \/>\n<meta property=\"og:type\" content=\"article\" \/>\n<meta property=\"og:title\" content=\"Pol\u00edtica de cookies - Barberia S\u00e8neca\" \/>\n<meta property=\"og:description\" content=\"En cumplimiento con el deber de informaci\u00f3n recogido en el apartado 2 del art\u00edculo 22 de la Ley 34\/2002, de 11 de Julio, de Servicios de la Sociedad de la Informaci\u00f3n y de Comercio Electr\u00f3nico (LSSICE), la presente Pol\u00edtica de Cookies tiene por finalidad informarle de manera clara y precisa sobre las cookies que se &hellip; Pol\u00edtica de cookies Leer m\u00e1s &raquo;\" \/>\n<meta property=\"og:url\" content=\"https:\/\/barberiaseneca.com\/?page_id=68\" \/>\n<meta property=\"og:site_name\" content=\"Barberia S\u00e8neca\" \/>\n<meta property=\"article:modified_time\" content=\"2023-04-28T05:42:19+00:00\" \/>\n<meta name=\"twitter:card\" content=\"summary_large_image\" \/>\n<meta name=\"twitter:label1\" content=\"Tiempo de lectura\" \/>\n\t<meta name=\"twitter:data1\" content=\"4 minutos\" \/>\n<script type=\"application\/ld+json\" class=\"yoast-schema-graph\">{\"@context\":\"https:\/\/schema.org\",\"@graph\":[{\"@type\":\"WebPage\",\"@id\":\"https:\/\/barberiaseneca.com\/?page_id=68\",\"url\":\"https:\/\/barberiaseneca.com\/?page_id=68\",\"name\":\"Pol\u00edtica de cookies - Barberia S\u00e8neca\",\"isPartOf\":{\"@id\":\"https:\/\/barberiaseneca.com\/#website\"},\"datePublished\":\"2023-04-26T12:41:44+00:00\",\"dateModified\":\"2023-04-28T05:42:19+00:00\",\"breadcrumb\":{\"@id\":\"https:\/\/barberiaseneca.com\/?page_id=68#breadcrumb\"},\"inLanguage\":\"es\",\"potentialAction\":[{\"@type\":\"ReadAction\",\"target\":[\"https:\/\/barberiaseneca.com\/?page_id=68\"]}]},{\"@type\":\"BreadcrumbList\",\"@id\":\"https:\/\/barberiaseneca.com\/?page_id=68#breadcrumb\",\"itemListElement\":[{\"@type\":\"ListItem\",\"position\":1,\"name\":\"Portada\",\"item\":\"https:\/\/barberiaseneca.com\/\"},{\"@type\":\"ListItem\",\"position\":2,\"name\":\"Pol\u00edtica de cookies\"}]},{\"@type\":\"WebSite\",\"@id\":\"https:\/\/barberiaseneca.com\/#website\",\"url\":\"https:\/\/barberiaseneca.com\/\",\"name\":\"Barberia S\u00e8neca\",\"description\":\"\",\"publisher\":{\"@id\":\"https:\/\/barberiaseneca.com\/#organization\"},\"potentialAction\":[{\"@type\":\"SearchAction\",\"target\":{\"@type\":\"EntryPoint\",\"urlTemplate\":\"https:\/\/barberiaseneca.com\/?s={search_term_string}\"},\"query-input\":\"required name=search_term_string\"}],\"inLanguage\":\"es\"},{\"@type\":\"Organization\",\"@id\":\"https:\/\/barberiaseneca.com\/#organization\",\"name\":\"Barberia S\u00e8neca\",\"url\":\"https:\/\/barberiaseneca.com\/\",\"logo\":{\"@type\":\"ImageObject\",\"inLanguage\":\"es\",\"@id\":\"https:\/\/barberiaseneca.com\/#\/schema\/logo\/image\/\",\"url\":\"https:\/\/barberiaseneca.com\/wp-content\/uploads\/2023\/04\/cropped-LOGO-BARBERIA-SENECA.png\",\"contentUrl\":\"https:\/\/barberiaseneca.com\/wp-content\/uploads\/2023\/04\/cropped-LOGO-BARBERIA-SENECA.png\",\"width\":250,\"height\":93,\"caption\":\"Barberia S\u00e8neca\"},\"image\":{\"@id\":\"https:\/\/barberiaseneca.com\/#\/schema\/logo\/image\/\"}}]}<\/script>\n<!-- \/ Yoast SEO plugin. -->","yoast_head_json":{"title":"Pol\u00edtica de cookies - Barberia S\u00e8neca","robots":{"index":"noindex","follow":"nofollow"},"og_locale":"es_ES","og_type":"article","og_title":"Pol\u00edtica de cookies - Barberia S\u00e8neca","og_description":"En cumplimiento con el deber de informaci\u00f3n recogido en el apartado 2 del art\u00edculo 22 de la Ley 34\/2002, de 11 de Julio, de Servicios de la Sociedad de la Informaci\u00f3n y de Comercio Electr\u00f3nico (LSSICE), la presente Pol\u00edtica de Cookies tiene por finalidad informarle de manera clara y precisa sobre las cookies que se &hellip; Pol\u00edtica de cookies Leer m\u00e1s &raquo;","og_url":"https:\/\/barberiaseneca.com\/?page_id=68","og_site_name":"Barberia S\u00e8neca","article_modified_time":"2023-04-28T05:42:19+00:00","twitter_card":"summary_large_image","twitter_misc":{"Tiempo de lectura":"4 minutos"},"schema":{"@context":"https:\/\/schema.org","@graph":[{"@type":"WebPage","@id":"https:\/\/barberiaseneca.com\/?page_id=68","url":"https:\/\/barberiaseneca.com\/?page_id=68","name":"Pol\u00edtica de cookies - Barberia S\u00e8neca","isPartOf":{"@id":"https:\/\/barberiaseneca.com\/#website"},"datePublished":"2023-04-26T12:41:44+00:00","dateModified":"2023-04-28T05:42:19+00:00","breadcrumb":{"@id":"https:\/\/barberiaseneca.com\/?page_id=68#breadcrumb"},"inLanguage":"es","potentialAction":[{"@type":"ReadAction","target":["https:\/\/barberiaseneca.com\/?page_id=68"]}]},{"@type":"BreadcrumbList","@id":"https:\/\/barberiaseneca.com\/?page_id=68#breadcrumb","itemListElement":[{"@type":"ListItem","position":1,"name":"Portada","item":"https:\/\/barberiaseneca.com\/"},{"@type":"ListItem","position":2,"name":"Pol\u00edtica de cookies"}]},{"@type":"WebSite","@id":"https:\/\/barberiaseneca.com\/#website","url":"https:\/\/barberiaseneca.com\/","name":"Barberia S\u00e8neca","description":"","publisher":{"@id":"https:\/\/barberiaseneca.com\/#organization"},"potentialAction":[{"@type":"SearchAction","target":{"@type":"EntryPoint","urlTemplate":"https:\/\/barberiaseneca.com\/?s={search_term_string}"},"query-input":"required name=search_term_string"}],"inLanguage":"es"},{"@type":"Organization","@id":"https:\/\/barberiaseneca.com\/#organization","name":"Barberia S\u00e8neca","url":"https:\/\/barberiaseneca.com\/","logo":{"@type":"ImageObject","inLanguage":"es","@id":"https:\/\/barberiaseneca.com\/#\/schema\/logo\/image\/","url":"https:\/\/barberiaseneca.com\/wp-content\/uploads\/2023\/04\/cropped-LOGO-BARBERIA-SENECA.png","contentUrl":"https:\/\/barberiaseneca.com\/wp-content\/uploads\/2023\/04\/cropped-LOGO-BARBERIA-SENECA.png","width":250,"height":93,"caption":"Barberia S\u00e8neca"},"image":{"@id":"https:\/\/barberiaseneca.com\/#\/schema\/logo\/image\/"}}]}},"uagb_featured_image_src":{"full":false,"thumbnail":false,"medium":false,"medium_large":false,"large":false,"1536x1536":false,"2048x2048":false},"uagb_author_info":{"display_name":"admin","author_link":"https:\/\/barberiaseneca.com\/?author=1"},"uagb_comment_info":0,"uagb_excerpt":"En cumplimiento con el deber de informaci\u00f3n recogido en el apartado 2 del art\u00edculo 22 de la Ley 34\/2002, de 11 de Julio, de Servicios de la Sociedad de la Informaci\u00f3n y de Comercio Electr\u00f3nico (LSSICE), la presente Pol\u00edtica de Cookies tiene por finalidad informarle de manera clara y precisa sobre las cookies que se&hellip;","_links":{"self":[{"href":"https:\/\/barberiaseneca.com\/index.php?rest_route=\/wp\/v2\/pages\/68","targetHints":{"allow":["GET"]}}],"collection":[{"href":"https:\/\/barberiaseneca.com\/index.php?rest_route=\/wp\/v2\/pages"}],"about":[{"href":"https:\/\/barberiaseneca.com\/index.php?rest_route=\/wp\/v2\/types\/page"}],"author":[{"embeddable":true,"href":"https:\/\/barberiaseneca.com\/index.php?rest_route=\/wp\/v2\/users\/1"}],"replies":[{"embeddable":true,"href":"https:\/\/barberiaseneca.com\/index.php?rest_route=%2Fwp%2Fv2%2Fcomments&post=68"}],"version-history":[{"count":2,"href":"https:\/\/barberiaseneca.com\/index.php?rest_route=\/wp\/v2\/pages\/68\/revisions"}],"predecessor-version":[{"id":87,"href":"https:\/\/barberiaseneca.com\/index.php?rest_route=\/wp\/v2\/pages\/68\/revisions\/87"}],"wp:attachment":[{"href":"https:\/\/barberiaseneca.com\/index.php?rest_route=%2Fwp%2Fv2%2Fmedia&parent=68"}],"curies":[{"name":"wp","href":"https:\/\/api.w.org\/{rel}","templated":true}]}}