{"id":9,"date":"2023-04-20T11:16:14","date_gmt":"2023-04-20T11:16:14","guid":{"rendered":"https:\/\/barberiaseneca.com\/?page_id=9"},"modified":"2024-01-09T17:07:22","modified_gmt":"2024-01-09T17:07:22","slug":"barberia-seneca","status":"publish","type":"page","link":"https:\/\/barberiaseneca.com\/","title":{"rendered":"Barberia S\u00e8neca"},"content":{"rendered":"\n<div class=\"wp-block-uagb-container uagb-block-fa1c1ce1 alignfull uagb-is-root-container\"><div class=\"uagb-container__shape uagb-container__shape-bottom uagb-container__invert\" data-negative=\"false\"><svg xmlns=\"https:\/\/www.w3.org\/2000\/svg\" viewBox=\"0 0 283.5 27.8\" preserveAspectRatio=\"none\"><path class=\"uagb-container__shape-fill\" d=\"M283.5,9.7c0,0-7.3,4.3-14,4.6c-6.8,0.3-12.6,0-20.9-1.5c-11.3-2-33.1-10.1-44.7-5.7\ts-12.1,4.6-18,7.4c-6.6,3.2-20,9.6-36.6,9.3C131.6,23.5,99.5,7.2,86.3,8c-1.4,0.1-6.6,0.8-10.5,2c-3.8,1.2-9.4,3.8-17,4.7\tc-3.2,0.4-8.3,1.1-14.2,0.9c-1.5-0.1-6.3-0.4-12-1.6c-5.7-1.2-11-3.1-15.8-3.7C6.5,9.2,0,10.8,0,10.8V0h283.5V9.7z M260.8,11.3\tc-0.7-1-2-0.4-4.3-0.4c-2.3,0-6.1-1.2-5.8-1.1c0.3,0.1,3.1,1.5,6,1.9C259.7,12.2,261.4,12.3,260.8,11.3z M242.4,8.6\tc0,0-2.4-0.2-5.6-0.9c-3.2-0.8-10.3-2.8-15.1-3.5c-8.2-1.1-15.8,0-15.1,0.1c0.8,0.1,9.6-0.6,17.6,1.1c3.3,0.7,9.3,2.2,12.4,2.7\tC239.9,8.7,242.4,8.6,242.4,8.6z M185.2,8.5c1.7-0.7-13.3,4.7-18.5,6.1c-2.1,0.6-6.2,1.6-10,2c-3.9,0.4-8.9,0.4-8.8,0.5\tc0,0.2,5.8,0.8,11.2,0c5.4-0.8,5.2-1.1,7.6-1.6C170.5,14.7,183.5,9.2,185.2,8.5z M199.1,6.9c0.2,0-0.8-0.4-4.8,1.1\tc-4,1.5-6.7,3.5-6.9,3.7c-0.2,0.1,3.5-1.8,6.6-3C197,7.5,199,6.9,199.1,6.9z M283,6c-0.1,0.1-1.9,1.1-4.8,2.5s-6.9,2.8-6.7,2.7\tc0.2,0,3.5-0.6,7.4-2.5C282.8,6.8,283.1,5.9,283,6z M31.3,11.6c0.1-0.2-1.9-0.2-4.5-1.2s-5.4-1.6-7.8-2C15,7.6,7.3,8.5,7.7,8.6\tC8,8.7,15.9,8.3,20.2,9.3c2.2,0.5,2.4,0.5,5.7,1.6S31.2,11.9,31.3,11.6z M73,9.2c0.4-0.1,3.5-1.6,8.4-2.6c4.9-1.1,8.9-0.5,8.9-0.8\tc0-0.3-1-0.9-6.2-0.3S72.6,9.3,73,9.2z M71.6,6.7C71.8,6.8,75,5.4,77.3,5c2.3-0.3,1.9-0.5,1.9-0.6c0-0.1-1.1-0.2-2.7,0.2\tC74.8,5.1,71.4,6.6,71.6,6.7z M93.6,4.4c0.1,0.2,3.5,0.8,5.6,1.8c2.1,1,1.8,0.6,1.9,0.5c0.1-0.1-0.8-0.8-2.4-1.3\tC97.1,4.8,93.5,4.2,93.6,4.4z M65.4,11.1c-0.1,0.3,0.3,0.5,1.9-0.2s2.6-1.3,2.2-1.2s-0.9,0.4-2.5,0.8C65.3,10.9,65.5,10.8,65.4,11.1\tz M34.5,12.4c-0.2,0,2.1,0.8,3.3,0.9c1.2,0.1,2,0.1,2-0.2c0-0.3-0.1-0.5-1.6-0.4C36.6,12.8,34.7,12.4,34.5,12.4z M152.2,21.1\tc-0.1,0.1-2.4-0.3-7.5-0.3c-5,0-13.6-2.4-17.2-3.5c-3.6-1.1,10,3.9,16.5,4.1C150.5,21.6,152.3,21,152.2,21.1z\"><\/path><path class=\"uagb-container__shape-fill\" d=\"M269.6,18c-0.1-0.1-4.6,0.3-7.2,0c-7.3-0.7-17-3.2-16.6-2.9c0.4,0.3,13.7,3.1,17,3.3\tC267.7,18.8,269.7,18,269.6,18z\"><\/path><path class=\"uagb-container__shape-fill\" d=\"M227.4,9.8c-0.2-0.1-4.5-1-9.5-1.2c-5-0.2-12.7,0.6-12.3,0.5c0.3-0.1,5.9-1.8,13.3-1.2\tS227.6,9.9,227.4,9.8z\"><\/path><path class=\"uagb-container__shape-fill\" d=\"M204.5,13.4c-0.1-0.1,2-1,3.2-1.1c1.2-0.1,2,0,2,0.3c0,0.3-0.1,0.5-1.6,0.4\tC206.4,12.9,204.6,13.5,204.5,13.4z\"><\/path><path class=\"uagb-container__shape-fill\" d=\"M201,10.6c0-0.1-4.4,1.2-6.3,2.2c-1.9,0.9-6.2,3.1-6.1,3.1c0.1,0.1,4.2-1.6,6.3-2.6\tS201,10.7,201,10.6z\"><\/path><path class=\"uagb-container__shape-fill\" d=\"M154.5,26.7c-0.1-0.1-4.6,0.3-7.2,0c-7.3-0.7-17-3.2-16.6-2.9c0.4,0.3,13.7,3.1,17,3.3\tC152.6,27.5,154.6,26.8,154.5,26.7z\"><\/path><path class=\"uagb-container__shape-fill\" d=\"M41.9,19.3c0,0,1.2-0.3,2.9-0.1c1.7,0.2,5.8,0.9,8.2,0.7c4.2-0.4,7.4-2.7,7-2.6\tc-0.4,0-4.3,2.2-8.6,1.9c-1.8-0.1-5.1-0.5-6.7-0.4S41.9,19.3,41.9,19.3z\"><\/path><path class=\"uagb-container__shape-fill\" d=\"M75.5,12.6c0.2,0.1,2-0.8,4.3-1.1c2.3-0.2,2.1-0.3,2.1-0.5c0-0.1-1.8-0.4-3.4,0\tC76.9,11.5,75.3,12.5,75.5,12.6z\"><\/path><path class=\"uagb-container__shape-fill\" d=\"M15.6,13.2c0-0.1,4.3,0,6.7,0.5c2.4,0.5,5,1.9,5,2c0,0.1-2.7-0.8-5.1-1.4\tC19.9,13.7,15.7,13.3,15.6,13.2z\"><\/path><\/svg><\/div><div class=\"uagb-container-inner-blocks-wrap\"><\/div><\/div>\n\n\n\n<div class=\"wp-block-uagb-container uagb-block-5a8d8bae alignfull uagb-is-root-container\"><div class=\"uagb-container-inner-blocks-wrap\">\n<div class=\"wp-block-uagb-advanced-heading uagb-block-e615bd45\"><h2 class=\"uagb-heading-text\">Professionals en la cura del cabell i la barba masculins.                                          Vine i comprova-ho!<br><br>Profesionales en el cuidado del cabello y la barba masculinos.<br>\u00a1Ven y compru\u00e9balo!<\/h2><div class=\"uagb-separator\"><\/div><p class=\"uagb-desc-text\">Som a \/ Estamos en S\u00e8neca, 27 (Barcelona)<br><a href=\"https:\/\/www.google.es\/maps\/place\/Barberia+S%C3%A8neca\/@41.3965987,2.1535,17z\/data=!3m2!4b1!5s0x12a4a29748279e83:0xfd1a7dbee1c8d4e0!4m6!3m5!1s0x12a4a297486d4f2d:0x1326f5ac5deccfa0!8m2!3d41.3965947!4d2.1560803!16s%2Fg%2F1td99xy1\" target=\"_blank\" rel=\"noreferrer noopener\">Veure com arribar \/ Ver como llegar<\/a><\/p><\/div>\n\n\n<div class=\"gb-container gb-container-d7cb41dc\">\n\n<div class=\"wp-block-uagb-info-box uagb-block-9e882a5f uagb-infobox__content-wrap  uagb-infobox-icon-above-title uagb-infobox-image-valign-top\"><div class=\"uagb-ifb-content\"><div class=\"uagb-ifb-icon-wrap\"><svg xmlns=\"https:\/\/www.w3.org\/2000\/svg\" viewBox=\"0 0 512 512\"><path d=\"M256 512C114.6 512 0 397.4 0 256C0 114.6 114.6 0 256 0C397.4 0 512 114.6 512 256C512 397.4 397.4 512 256 512zM232 256C232 264 236 271.5 242.7 275.1L338.7 339.1C349.7 347.3 364.6 344.3 371.1 333.3C379.3 322.3 376.3 307.4 365.3 300L280 243.2V120C280 106.7 269.3 96 255.1 96C242.7 96 231.1 106.7 231.1 120L232 256z\"><\/path><\/svg><\/div><div class=\"uagb-ifb-title-wrap\"><h3 class=\"uagb-ifb-title\">Horari \/ Horario<\/h3><\/div><p class=\"uagb-ifb-desc\">Dilluns a divendres de 9 a 20 hores<br>Dissabtes de 9 a 14 hores<br><em>Lunes a viernes de 9 a 20 horas<br>S\u00e1bados de 9 a 14 horas<\/em><\/p><\/div><\/div>\n\n\n\n<div class=\"wp-block-uagb-info-box uagb-block-47efcfdf uagb-infobox__content-wrap  uagb-infobox-icon-above-title uagb-infobox-image-valign-top\"><div class=\"uagb-ifb-content\"><div class=\"uagb-ifb-icon-wrap\"><svg xmlns=\"https:\/\/www.w3.org\/2000\/svg\" viewBox=\"0 0 512 512\"><path d=\"M511.2 387l-23.25 100.8c-3.266 14.25-15.79 24.22-30.46 24.22C205.2 512 0 306.8 0 54.5c0-14.66 9.969-27.2 24.22-30.45l100.8-23.25C139.7-2.602 154.7 5.018 160.8 18.92l46.52 108.5c5.438 12.78 1.77 27.67-8.98 36.45L144.5 207.1c33.98 69.22 90.26 125.5 159.5 159.5l44.08-53.8c8.688-10.78 23.69-14.51 36.47-8.975l108.5 46.51C506.1 357.2 514.6 372.4 511.2 387z\"><\/path><\/svg><\/div><div class=\"uagb-ifb-title-wrap\"><h3 class=\"uagb-ifb-title\">Contacte \/ Contacto<\/h3><\/div><p class=\"uagb-ifb-desc\"><strong>Tel\u00e8fon per a reservar: <a href=\"tel:+3493932184239\"><\/a><a href=\"tel:+34932184239\">93 218 42 39<\/a><\/strong><br>Adre\u00e7a: S\u00e8neca, 27&nbsp;&#8211; 08006 Barcelona<br><br><em><strong>Tel\u00e9fono para reservar: <a href=\"tel:+34932184239\">93 218 42 39<\/a><\/strong><br>Direcci\u00f3n: S\u00e8neca, 27&nbsp;&#8211; 08006 Barcelona<\/em><\/p><\/div><\/div>\n\n<\/div>\n\n\n<div class=\"wp-block-uagb-container uagb-block-41250aeb\">\n<div class=\"wp-block-uagb-container uagb-block-37599ef8\">\n<div class=\"wp-block-uagb-info-box uagb-block-451f8acb uagb-infobox__content-wrap  uagb-infobox-icon-above-title uagb-infobox-image-valign-top\"><div class=\"uagb-ifb-content\"><div class=\"uagb-ifb-image-content\"><img decoding=\"async\" src=\"https:\/\/barberiaseneca.com\/wp-content\/uploads\/2023\/04\/man-33169_640-150x150.png\" alt=\"\" width=\"60\" height=\"60\" loading=\"lazy\"\/><\/div><div class=\"uagb-ifb-title-wrap\"><h3 class=\"uagb-ifb-title\">Talls de cabell <br>Cortes de pelo<\/h3><\/div><p class=\"uagb-ifb-desc\">Cl\u00e0ssics, desfilats a tisora i navalla actuals.<br>Servei de talls de cabell per a nens.<br><em>Cortes de pelo cl\u00e1sicos, desfilados a tijera y navaja actuales.<\/em><br><em>Servicio de cortes de pelo a ni\u00f1os.<\/em><br><\/p><\/div><\/div>\n<\/div>\n\n\n\n<div class=\"wp-block-uagb-container uagb-block-6aa1f15f\">\n<div class=\"wp-block-uagb-info-box uagb-block-7a450d20 uagb-infobox__content-wrap  uagb-infobox-icon-above-title uagb-infobox-image-valign-top\"><div class=\"uagb-ifb-content\"><div class=\"uagb-ifb-image-content\"><img decoding=\"async\" src=\"https:\/\/barberiaseneca.com\/wp-content\/uploads\/2023\/04\/barba-150x150.png\" alt=\"\" width=\"60\" height=\"60\" loading=\"lazy\"\/><\/div><div class=\"uagb-ifb-title-wrap\"><h3 class=\"uagb-ifb-title\">Barbes, bigotis i afaitats<br>Barbas, bigotes y afeitados<\/h3><\/div><p class=\"uagb-ifb-desc\">Afaitats a navalla basats en la tradici\u00f3 cl\u00e0ssica.<br>Arranjaments de barbes, masclets i bigotis.<br>Afeitados a navaja basados en la tradici\u00f3n cl\u00e1sica.<br>Arreglos de barbas, perillas y bigotes.<\/p><\/div><\/div>\n<\/div>\n<\/div>\n\n\n\n<div class=\"wp-block-uagb-container uagb-block-7b3e2ef1\">\n<div class=\"wp-block-uagb-container uagb-block-11ecaa3c\">\n<div class=\"wp-block-uagb-info-box uagb-block-b63bfc1b uagb-infobox__content-wrap  uagb-infobox-icon-above-title uagb-infobox-image-valign-top\"><div class=\"uagb-ifb-content\"><div class=\"uagb-ifb-image-content\"><img decoding=\"async\" src=\"https:\/\/barberiaseneca.com\/wp-content\/uploads\/2023\/04\/barber-5514959_640-150x150.png\" alt=\"\" width=\"121\" height=\"121\" loading=\"lazy\"\/><\/div><div class=\"uagb-ifb-title-wrap\"><h3 class=\"uagb-ifb-title\">Depilacions, coloracions<br>Depilacions, coloraciones<\/h3><\/div><p class=\"uagb-ifb-desc\">Depilacions de p\u00f2muls i entrecelles.<br>Coloracions permanents.<br>Coloracions suaus que difuminen las canes<br>amb un resultat&nbsp;de forma natural.<br>Depilaciones de p\u00f3mulos y entrecejos.<br>Coloraciones permanentes.<br>Coloraciones suaves que difuminan las canas&nbsp;<br>con un resultado&nbsp;de forma natural.<\/p><\/div><\/div>\n<\/div>\n\n\n\n<div class=\"wp-block-uagb-container uagb-block-314d7ca9\">\n<div class=\"wp-block-uagb-info-box uagb-block-b04e0dcb uagb-infobox__content-wrap  uagb-infobox-icon-above-title uagb-infobox-image-valign-top\"><div class=\"uagb-ifb-content\"><div class=\"uagb-ifb-image-content\"><img decoding=\"async\" src=\"https:\/\/barberiaseneca.com\/wp-content\/uploads\/2023\/04\/guy-4541015_640-150x150.png\" alt=\"\" width=\"121\" height=\"121\" loading=\"lazy\"\/><\/div><div class=\"uagb-ifb-title-wrap\"><h3 class=\"uagb-ifb-title\">Tractaments capil\u00b7lars<br>Tratamientos capilares<\/h3><\/div><p class=\"uagb-ifb-desc\">Tractaments capil\u00b7lars que restauren l\u2019equilibri del cabell<br>i la pell del cuiro cabellut.<br><br>Tratamientos capilares que restauran el equilibrio del cabello<br>y la piel del cuero cabelludo.<\/p><\/div><\/div>\n<\/div>\n<\/div>\n\n\n<div class=\"gb-container gb-container-d24f2056\">\n\n<div class=\"wp-block-uagb-advanced-heading uagb-block-22d68cd7\"><h2 class=\"uagb-heading-text\">Hist\u00f2ria de Barberia S\u00e8neca<\/h2><\/div>\n\n<\/div>\n\n\n<p>La hist\u00f2ria de la BARBERIA S\u00c8NECA es remunta a l\u2019any 1972, en concret al dia de Sant Joan. Es crea entre en Fernando S\u00e1nchez Jim\u00e9nez i en Jos\u00e9 Pelegr\u00edn Franco, companys de treball a una altra perruqueria, la Costa del carrer Mallorca amb Passeig de Gr\u00e0cia al bell mig del Eixample barcelon\u00e8s, avui ja desapareguda. Barcelona ha estat veient com des de la d\u00e8cada dels 70 fins ara les barberies (perruqueries d\u2019homes) tancaven despr\u00e9s de l\u2019auge de les perruqueries Unisex. Aix\u00f2 va passar perqu\u00e8 les barberies no van saber, o no van voler, actualitzar-se i renovar-se i recollir els nous m\u00e8todes de treball de la perruqueria actual. A l\u2019any 2005 es produ\u00ed un canvi generacional en la BARBERIA S\u00c8NECA que tragu\u00e9 una renovaci\u00f3 i una reforma de la perruqueria traslladant-la al concepte d\u2019avui i, a la vegada, conservant les arrels de la barberia original.<\/p>\n\n\n\n<p>La historia de la BARBERIA S\u00c8NECA se remonta al a\u00f1o 1972, en concreto al d\u00eda de San Juan. Se crea entre Fernando S\u00e1nchez Jim\u00e9nez y Jos\u00e9 Pelegr\u00edn Franco, compa\u00f1eros de trabajo en otra peluquer\u00eda, la Costa de la calle Mallorca con Passeig de Gr\u00e0cia en pleno centro del Eixample barcelon\u00e9s, hoy ya desaparecida. Barcelona ha ido viendo como desde la d\u00e9cada de los 70 hasta ahora las barber\u00edas (peluquer\u00edas de hombres) cerraban tras el auge de las peluquer\u00edas Unisex. Ello fue debido a que las barber\u00edas no supieron, o no quisieron, actualizarse y renovarse y recoger los nuevos m\u00e9todos de trabajo de la peluquer\u00eda actual. En el a\u00f1o 2005 se produce un cambio generacional en la BARBERIA S\u00c8NECA que trae consigo una modernizaci\u00f3n y una reforma de la peluquer\u00eda traslad\u00e1ndola al concepto de hoy y, al mismo tiempo, conservando las ra\u00edces de la barber\u00eda original.<\/p>\n\n\n\n<hr class=\"wp-block-separator has-text-color has-ast-global-color-6-color has-alpha-channel-opacity has-ast-global-color-6-background-color has-background\"\/>\n<\/div><\/div>\n\n\n\n<p><\/p>\n","protected":false},"excerpt":{"rendered":"<p>Professionals en la cura del cabell i la barba masculins. Vine i comprova-ho! Profesionales en el cuidado del cabello y la barba masculinos.\u00a1Ven y compru\u00e9balo! Som a \/ Estamos en S\u00e8neca, 27 (Barcelona)Veure com arribar \/ Ver como llegar Hist\u00f2ria de Barberia S\u00e8neca La hist\u00f2ria de la BARBERIA S\u00c8NECA es remunta a l\u2019any 1972, en &hellip;<\/p>\n<p class=\"read-more\"> <a class=\"\" href=\"https:\/\/barberiaseneca.com\/\"> <span class=\"screen-reader-text\">Barberia S\u00e8neca<\/span> Leer m\u00e1s &raquo;<\/a><\/p>\n","protected":false},"author":1,"featured_media":0,"parent":0,"menu_order":0,"comment_status":"closed","ping_status":"closed","template":"","meta":{"_uag_custom_page_level_css":"","site-sidebar-layout":"no-sidebar","site-content-layout":"plain-container","ast-global-header-display":"","ast-main-header-display":"","ast-hfb-above-header-display":"","ast-hfb-below-header-display":"","ast-hfb-mobile-header-display":"","site-post-title":"disabled","ast-breadcrumbs-content":"","ast-featured-img":"disabled","footer-sml-layout":"","theme-transparent-header-meta":"default","adv-header-id-meta":"","stick-header-meta":"","header-above-stick-meta":"","header-main-stick-meta":"","header-below-stick-meta":"","footnotes":""},"class_list":["post-9","page","type-page","status-publish","hentry"],"yoast_head":"<!-- This site is optimized with the Yoast SEO plugin v20.6 - https:\/\/yoast.com\/wordpress\/plugins\/seo\/ -->\n<title>Barberia S\u00e8neca - Barberia S\u00e8neca<\/title>\n<meta name=\"description\" content=\"Cortes de pelo, cl\u00e1sicos, desfilados a tijera y navaja para a hombres y ni\u00f1os. Afeitados y arreglos de barbas, perillas y bigotes. Tratamientos capilares.\" \/>\n<meta name=\"robots\" content=\"index, follow, max-snippet:-1, max-image-preview:large, max-video-preview:-1\" \/>\n<link rel=\"canonical\" href=\"https:\/\/barberiaseneca.com\/\" \/>\n<meta property=\"og:locale\" content=\"es_ES\" \/>\n<meta property=\"og:type\" content=\"article\" \/>\n<meta property=\"og:title\" content=\"Barberia S\u00e8neca - Barberia S\u00e8neca\" \/>\n<meta property=\"og:description\" content=\"Cortes de pelo, cl\u00e1sicos, desfilados a tijera y navaja para a hombres y ni\u00f1os. Afeitados y arreglos de barbas, perillas y bigotes. Tratamientos capilares.\" \/>\n<meta property=\"og:url\" content=\"https:\/\/barberiaseneca.com\/\" \/>\n<meta property=\"og:site_name\" content=\"Barberia S\u00e8neca\" \/>\n<meta property=\"article:modified_time\" content=\"2024-01-09T17:07:22+00:00\" \/>\n<meta property=\"og:image\" content=\"https:\/\/barberiaseneca.com\/wp-content\/uploads\/2023\/04\/man-33169_640-150x150.png\" \/>\n<meta name=\"twitter:card\" content=\"summary_large_image\" \/>\n<meta name=\"twitter:label1\" content=\"Tiempo de lectura\" \/>\n\t<meta name=\"twitter:data1\" content=\"4 minutos\" \/>\n<script type=\"application\/ld+json\" class=\"yoast-schema-graph\">{\"@context\":\"https:\/\/schema.org\",\"@graph\":[{\"@type\":\"WebPage\",\"@id\":\"https:\/\/barberiaseneca.com\/\",\"url\":\"https:\/\/barberiaseneca.com\/\",\"name\":\"Barberia S\u00e8neca - Barberia S\u00e8neca\",\"isPartOf\":{\"@id\":\"https:\/\/barberiaseneca.com\/#website\"},\"datePublished\":\"2023-04-20T11:16:14+00:00\",\"dateModified\":\"2024-01-09T17:07:22+00:00\",\"description\":\"Cortes de pelo, cl\u00e1sicos, desfilados a tijera y navaja para a hombres y ni\u00f1os. Afeitados y arreglos de barbas, perillas y bigotes. Tratamientos capilares.\",\"breadcrumb\":{\"@id\":\"https:\/\/barberiaseneca.com\/#breadcrumb\"},\"inLanguage\":\"es\",\"potentialAction\":[{\"@type\":\"ReadAction\",\"target\":[\"https:\/\/barberiaseneca.com\/\"]}]},{\"@type\":\"BreadcrumbList\",\"@id\":\"https:\/\/barberiaseneca.com\/#breadcrumb\",\"itemListElement\":[{\"@type\":\"ListItem\",\"position\":1,\"name\":\"Portada\",\"item\":\"https:\/\/barberiaseneca.com\/\"},{\"@type\":\"ListItem\",\"position\":2,\"name\":\"Barberia S\u00e8neca\"}]},{\"@type\":\"WebSite\",\"@id\":\"https:\/\/barberiaseneca.com\/#website\",\"url\":\"https:\/\/barberiaseneca.com\/\",\"name\":\"Barberia S\u00e8neca\",\"description\":\"\",\"publisher\":{\"@id\":\"https:\/\/barberiaseneca.com\/#organization\"},\"potentialAction\":[{\"@type\":\"SearchAction\",\"target\":{\"@type\":\"EntryPoint\",\"urlTemplate\":\"https:\/\/barberiaseneca.com\/?s={search_term_string}\"},\"query-input\":\"required name=search_term_string\"}],\"inLanguage\":\"es\"},{\"@type\":\"Organization\",\"@id\":\"https:\/\/barberiaseneca.com\/#organization\",\"name\":\"Barberia S\u00e8neca\",\"url\":\"https:\/\/barberiaseneca.com\/\",\"logo\":{\"@type\":\"ImageObject\",\"inLanguage\":\"es\",\"@id\":\"https:\/\/barberiaseneca.com\/#\/schema\/logo\/image\/\",\"url\":\"https:\/\/barberiaseneca.com\/wp-content\/uploads\/2023\/04\/cropped-LOGO-BARBERIA-SENECA.png\",\"contentUrl\":\"https:\/\/barberiaseneca.com\/wp-content\/uploads\/2023\/04\/cropped-LOGO-BARBERIA-SENECA.png\",\"width\":250,\"height\":93,\"caption\":\"Barberia S\u00e8neca\"},\"image\":{\"@id\":\"https:\/\/barberiaseneca.com\/#\/schema\/logo\/image\/\"}}]}<\/script>\n<!-- \/ Yoast SEO plugin. -->","yoast_head_json":{"title":"Barberia S\u00e8neca - Barberia S\u00e8neca","description":"Cortes de pelo, cl\u00e1sicos, desfilados a tijera y navaja para a hombres y ni\u00f1os. Afeitados y arreglos de barbas, perillas y bigotes. Tratamientos capilares.","robots":{"index":"index","follow":"follow","max-snippet":"max-snippet:-1","max-image-preview":"max-image-preview:large","max-video-preview":"max-video-preview:-1"},"canonical":"https:\/\/barberiaseneca.com\/","og_locale":"es_ES","og_type":"article","og_title":"Barberia S\u00e8neca - Barberia S\u00e8neca","og_description":"Cortes de pelo, cl\u00e1sicos, desfilados a tijera y navaja para a hombres y ni\u00f1os. Afeitados y arreglos de barbas, perillas y bigotes. Tratamientos capilares.","og_url":"https:\/\/barberiaseneca.com\/","og_site_name":"Barberia S\u00e8neca","article_modified_time":"2024-01-09T17:07:22+00:00","og_image":[{"url":"https:\/\/barberiaseneca.com\/wp-content\/uploads\/2023\/04\/man-33169_640-150x150.png"}],"twitter_card":"summary_large_image","twitter_misc":{"Tiempo de lectura":"4 minutos"},"schema":{"@context":"https:\/\/schema.org","@graph":[{"@type":"WebPage","@id":"https:\/\/barberiaseneca.com\/","url":"https:\/\/barberiaseneca.com\/","name":"Barberia S\u00e8neca - Barberia S\u00e8neca","isPartOf":{"@id":"https:\/\/barberiaseneca.com\/#website"},"datePublished":"2023-04-20T11:16:14+00:00","dateModified":"2024-01-09T17:07:22+00:00","description":"Cortes de pelo, cl\u00e1sicos, desfilados a tijera y navaja para a hombres y ni\u00f1os. Afeitados y arreglos de barbas, perillas y bigotes. Tratamientos capilares.","breadcrumb":{"@id":"https:\/\/barberiaseneca.com\/#breadcrumb"},"inLanguage":"es","potentialAction":[{"@type":"ReadAction","target":["https:\/\/barberiaseneca.com\/"]}]},{"@type":"BreadcrumbList","@id":"https:\/\/barberiaseneca.com\/#breadcrumb","itemListElement":[{"@type":"ListItem","position":1,"name":"Portada","item":"https:\/\/barberiaseneca.com\/"},{"@type":"ListItem","position":2,"name":"Barberia S\u00e8neca"}]},{"@type":"WebSite","@id":"https:\/\/barberiaseneca.com\/#website","url":"https:\/\/barberiaseneca.com\/","name":"Barberia S\u00e8neca","description":"","publisher":{"@id":"https:\/\/barberiaseneca.com\/#organization"},"potentialAction":[{"@type":"SearchAction","target":{"@type":"EntryPoint","urlTemplate":"https:\/\/barberiaseneca.com\/?s={search_term_string}"},"query-input":"required name=search_term_string"}],"inLanguage":"es"},{"@type":"Organization","@id":"https:\/\/barberiaseneca.com\/#organization","name":"Barberia S\u00e8neca","url":"https:\/\/barberiaseneca.com\/","logo":{"@type":"ImageObject","inLanguage":"es","@id":"https:\/\/barberiaseneca.com\/#\/schema\/logo\/image\/","url":"https:\/\/barberiaseneca.com\/wp-content\/uploads\/2023\/04\/cropped-LOGO-BARBERIA-SENECA.png","contentUrl":"https:\/\/barberiaseneca.com\/wp-content\/uploads\/2023\/04\/cropped-LOGO-BARBERIA-SENECA.png","width":250,"height":93,"caption":"Barberia S\u00e8neca"},"image":{"@id":"https:\/\/barberiaseneca.com\/#\/schema\/logo\/image\/"}}]}},"uagb_featured_image_src":{"full":false,"thumbnail":false,"medium":false,"medium_large":false,"large":false,"1536x1536":false,"2048x2048":false},"uagb_author_info":{"display_name":"admin","author_link":"https:\/\/barberiaseneca.com\/?author=1"},"uagb_comment_info":0,"uagb_excerpt":"Professionals en la cura del cabell i la barba masculins. Vine i comprova-ho! Profesionales en el cuidado del cabello y la barba masculinos.\u00a1Ven y compru\u00e9balo! Som a \/ Estamos en S\u00e8neca, 27 (Barcelona)Veure com arribar \/ Ver como llegar Hist\u00f2ria de Barberia S\u00e8neca La hist\u00f2ria de la BARBERIA S\u00c8NECA es remunta a l\u2019any 1972, en&hellip;","_links":{"self":[{"href":"https:\/\/barberiaseneca.com\/index.php?rest_route=\/wp\/v2\/pages\/9","targetHints":{"allow":["GET"]}}],"collection":[{"href":"https:\/\/barberiaseneca.com\/index.php?rest_route=\/wp\/v2\/pages"}],"about":[{"href":"https:\/\/barberiaseneca.com\/index.php?rest_route=\/wp\/v2\/types\/page"}],"author":[{"embeddable":true,"href":"https:\/\/barberiaseneca.com\/index.php?rest_route=\/wp\/v2\/users\/1"}],"replies":[{"embeddable":true,"href":"https:\/\/barberiaseneca.com\/index.php?rest_route=%2Fwp%2Fv2%2Fcomments&post=9"}],"version-history":[{"count":33,"href":"https:\/\/barberiaseneca.com\/index.php?rest_route=\/wp\/v2\/pages\/9\/revisions"}],"predecessor-version":[{"id":105,"href":"https:\/\/barberiaseneca.com\/index.php?rest_route=\/wp\/v2\/pages\/9\/revisions\/105"}],"wp:attachment":[{"href":"https:\/\/barberiaseneca.com\/index.php?rest_route=%2Fwp%2Fv2%2Fmedia&parent=9"}],"curies":[{"name":"wp","href":"https:\/\/api.w.org\/{rel}","templated":true}]}}